{"id":23,"date":"2025-02-08T17:58:42","date_gmt":"2025-02-08T16:58:42","guid":{"rendered":"https:\/\/memori-e-raconte.fr\/wordpress\/?page_id=23"},"modified":"2025-04-07T10:12:48","modified_gmt":"2025-04-07T08:12:48","slug":"les-maires-de-miramas","status":"publish","type":"page","link":"https:\/\/memori-e-raconte.fr\/wordpress\/les-maires-de-miramas\/","title":{"rendered":"Les maires de Miramas"},"content":{"rendered":"\n<p><strong>1790-1791<\/strong> <strong>:<\/strong> Joseph Pourchier<\/p>\n\n\n\n<p><strong>1791-1792 :<\/strong> Jean-Baptiste P\u00e9trier<\/p>\n\n\n\n<p><strong>1792-1795 :<\/strong> Joseph Pourchier<\/p>\n\n\n\n<p><strong>1795 :<\/strong> Jean-Baptiste P\u00e9trier<\/p>\n\n\n\n<p><strong>1795-1797 :<\/strong> Denis Boyer (municipalit\u00e9 de canton)<\/p>\n\n\n\n<p><strong>1797 :<\/strong> Jean-Pierre Cournand (municipalit\u00e9 de canton)<\/p>\n\n\n\n<p><strong>1797-1798 :<\/strong> Etienne Cournand (municipalit\u00e9 de canton)<\/p>\n\n\n\n<p><strong>1798-1799 :<\/strong> Jean-Baptiste Reyne (municipalit\u00e9 de canton)<\/p>\n\n\n\n<p><strong>1799-1800 :<\/strong> Louis Sapet (municipalit\u00e9 de canton)<\/p>\n\n\n\n<p><strong>1800-1808 :<\/strong> Denis Boyer<\/p>\n\n\n\n<p><strong>1808-1813 :<\/strong> Joseph Moyroux<\/p>\n\n\n\n<p><strong>1813-1821 :<\/strong> Joseph Lavison<\/p>\n\n\n\n<p><strong>1821-1833 :<\/strong> Bruno Am\u00e9, meurt en fonction<\/p>\n\n\n\n<p><strong>1833 :<\/strong> Fran\u00e7ois-Xavier Jourdan, adjoint, maire par int\u00e9rim<\/p>\n\n\n\n<p><strong>1833-1838 :<\/strong> Fran\u00e7ois-Joseph Amphoux de Belleval, d\u00e9missionne<\/p>\n\n\n\n<p><strong>1838-1846 :<\/strong> Augustin Am\u00e9<\/p>\n\n\n\n<p><strong>1846-1848 :<\/strong> Jean-Louis Castagne, d\u00e9missionne<\/p>\n\n\n\n<p><strong>1848 :<\/strong> Fran\u00e7ois-Xavier Jourdan, conseiller municipal, maire par int\u00e9rim<\/p>\n\n\n\n<p><strong>1848-1850 :<\/strong> Honor\u00e9-Marius Saint-Etienne, d\u00e9missionne<\/p>\n\n\n\n<p><strong>1850 :<\/strong> Louis-Henri Sabat, adjoint, maire par int\u00e9rim<\/p>\n\n\n\n<p><strong>1850-1858 :<\/strong> Jean-Louis Castagne, meurt en fonction<\/p>\n\n\n\n<p><strong>1858 :<\/strong> Napol\u00e9on Mariton, adjoint, maire par int\u00e9rim<\/p>\n\n\n\n<p><strong>1858-1870 :<\/strong> Fran\u00e7ois-Joseph Amphoux de Belleval, suspendu en 1870<\/p>\n\n\n\n<p><strong>1870-1871 :<\/strong> Alexandre Guiran, maire provisoire<\/p>\n\n\n\n<p><strong>1871 :<\/strong> Joseph-Honor\u00e9 Jauffret, maire provisoire<\/p>\n\n\n\n<p><strong>1871-1874 :<\/strong> Jean-Baptiste Simian<\/p>\n\n\n\n<p><strong>1874-1876 :<\/strong> Joseph-Honor\u00e9 Jauffret<\/p>\n\n\n\n<p><strong>1876-1878 :<\/strong> Jean-Louis Chiron<\/p>\n\n\n\n<p><strong>1878-1880 :<\/strong> Louis Jourdan, d\u00e9missionne<\/p>\n\n\n\n<p><strong>1880 :<\/strong> Edouard Jauffret, adjoint, maire par int\u00e9rim<\/p>\n\n\n\n<p><strong>1880-1881 :<\/strong> Auguste Villemus, d\u00e9missionne<\/p>\n\n\n\n<p><strong>1881-1882 :<\/strong> Alexandre Guiran (R\u00e9publicain), d\u00e9missionne<\/p>\n\n\n\n<p><strong>1882-1884 :<\/strong> Fran\u00e7ois-Joseph Pourchier (R\u00e9publicain), meurt en fonction<\/p>\n\n\n\n<p><strong>1884-1885 :<\/strong> Henri Pons (R\u00e9publicain), d\u00e9missionne<\/p>\n\n\n\n<p><strong>1885-1888 :<\/strong> Fran\u00e7ois Corty (R\u00e9publicain), d\u00e9missionne<\/p>\n\n\n\n<p><strong>1888-1892 :<\/strong> Fran\u00e7ois Cartier (R\u00e9publicain), d\u00e9missionne<\/p>\n\n\n\n<p><strong>1892-1934 :<\/strong> Marie-Gabriel dit Marius Sauvaire (Radical-Socialiste), d\u00e9missionne<\/p>\n\n\n\n<p><strong>1934-1939 :<\/strong> Isidore Blanc (SFIC-PCF), suspendu (1939) puis d\u00e9chu (1940) de son mandat<\/p>\n\n\n\n<p><strong>1939-1944 :<\/strong> Jean Quercy, pr\u00e9sident de la d\u00e9l\u00e9gation municipale (1939), puis maire nomm\u00e9 (1941)<\/p>\n\n\n\n<p><strong>1944-1945 :<\/strong> Charles Chabany (PCF), pr\u00e9sident de la d\u00e9l\u00e9gation municipale<\/p>\n\n\n\n<p><strong>1945-1953 :<\/strong> Isidore Blanc (PCF)<\/p>\n\n\n\n<p><strong>1953-1958 :<\/strong> Roger Lazard (MRP), meurt en fonction<\/p>\n\n\n\n<p><strong>1958-1965 :<\/strong> Henri Coste (SFIO)<\/p>\n\n\n\n<p><strong>1965-1977 :<\/strong> Pierre Tristani (UDR)<\/p>\n\n\n\n<p><strong>1977-1989 :<\/strong> Georges Thorrand (PCF)<\/p>\n\n\n\n<p><strong>1989-1995 :<\/strong> Pierre Carlin (UDF-RPR)<\/p>\n\n\n\n<p><strong>1995-2001 :<\/strong> Georges Thorrand (PCF)<\/p>\n\n\n\n<p><strong>2001-2008 :<\/strong> Pierre Carlin (UDF-RPR puis UMP)<\/p>\n\n\n\n<p><strong>2008-&#8230;. :<\/strong> Fr\u00e9d\u00e9ric Vigouroux (PS puis DVG)<\/p>\n","protected":false},"excerpt":{"rendered":"<p>1790-1791 : Joseph Pourchier 1791-1792 : Jean-Baptiste P\u00e9trier 1792-1795 : Joseph Pourchier 1795 : Jean-Baptiste P\u00e9trier 1795-1797 : Denis Boyer (municipalit\u00e9 de canton) 1797 : Jean-Pierre Cournand (municipalit\u00e9 de canton) 1797-1798 : Etienne Cournand&#46;&#46;&#46;<\/p>\n","protected":false},"author":1,"featured_media":0,"parent":0,"menu_order":0,"comment_status":"closed","ping_status":"closed","template":"","meta":{"footnotes":""},"class_list":["post-23","page","type-page","status-publish","hentry"],"yoast_head":"<!-- This site is optimized with the Yoast SEO plugin v26.8 - https:\/\/yoast.com\/product\/yoast-seo-wordpress\/ -->\n<title>Les maires de Miramas - Mem\u00f2ri e Raconte<\/title>\n<meta name=\"robots\" content=\"index, follow, max-snippet:-1, max-image-preview:large, max-video-preview:-1\" \/>\n<link rel=\"canonical\" href=\"https:\/\/memori-e-raconte.fr\/wordpress\/les-maires-de-miramas\/\" \/>\n<meta property=\"og:locale\" content=\"fr_FR\" \/>\n<meta property=\"og:type\" content=\"article\" \/>\n<meta property=\"og:title\" content=\"Les maires de Miramas - Mem\u00f2ri e Raconte\" \/>\n<meta property=\"og:description\" content=\"1790-1791 : Joseph Pourchier 1791-1792 : Jean-Baptiste P\u00e9trier 1792-1795 : Joseph Pourchier 1795 : Jean-Baptiste P\u00e9trier 1795-1797 : Denis Boyer (municipalit\u00e9 de canton) 1797 : Jean-Pierre Cournand (municipalit\u00e9 de canton) 1797-1798 : Etienne Cournand&#046;&#046;&#046;\" \/>\n<meta property=\"og:url\" content=\"https:\/\/memori-e-raconte.fr\/wordpress\/les-maires-de-miramas\/\" \/>\n<meta property=\"og:site_name\" content=\"Mem\u00f2ri e Raconte\" \/>\n<meta property=\"article:modified_time\" content=\"2025-04-07T08:12:48+00:00\" \/>\n<meta name=\"twitter:card\" content=\"summary_large_image\" \/>\n<meta name=\"twitter:label1\" content=\"Dur\u00e9e de lecture estim\u00e9e\" \/>\n\t<meta name=\"twitter:data1\" content=\"2 minutes\" \/>\n<script type=\"application\/ld+json\" class=\"yoast-schema-graph\">{\"@context\":\"https:\/\/schema.org\",\"@graph\":[{\"@type\":\"WebPage\",\"@id\":\"https:\/\/memori-e-raconte.fr\/wordpress\/les-maires-de-miramas\/\",\"url\":\"https:\/\/memori-e-raconte.fr\/wordpress\/les-maires-de-miramas\/\",\"name\":\"Les maires de Miramas - Mem\u00f2ri e Raconte\",\"isPartOf\":{\"@id\":\"https:\/\/memori-e-raconte.fr\/wordpress\/#website\"},\"datePublished\":\"2025-02-08T16:58:42+00:00\",\"dateModified\":\"2025-04-07T08:12:48+00:00\",\"breadcrumb\":{\"@id\":\"https:\/\/memori-e-raconte.fr\/wordpress\/les-maires-de-miramas\/#breadcrumb\"},\"inLanguage\":\"fr-FR\",\"potentialAction\":[{\"@type\":\"ReadAction\",\"target\":[\"https:\/\/memori-e-raconte.fr\/wordpress\/les-maires-de-miramas\/\"]}]},{\"@type\":\"BreadcrumbList\",\"@id\":\"https:\/\/memori-e-raconte.fr\/wordpress\/les-maires-de-miramas\/#breadcrumb\",\"itemListElement\":[{\"@type\":\"ListItem\",\"position\":1,\"name\":\"Home\",\"item\":\"https:\/\/memori-e-raconte.fr\/wordpress\/\"},{\"@type\":\"ListItem\",\"position\":2,\"name\":\"Les maires de Miramas\"}]},{\"@type\":\"WebSite\",\"@id\":\"https:\/\/memori-e-raconte.fr\/wordpress\/#website\",\"url\":\"https:\/\/memori-e-raconte.fr\/wordpress\/\",\"name\":\"Mem\u00f2ri e Raconte\",\"description\":\"M\u00e9moires et R\u00e9cits\",\"potentialAction\":[{\"@type\":\"SearchAction\",\"target\":{\"@type\":\"EntryPoint\",\"urlTemplate\":\"https:\/\/memori-e-raconte.fr\/wordpress\/?s={search_term_string}\"},\"query-input\":{\"@type\":\"PropertyValueSpecification\",\"valueRequired\":true,\"valueName\":\"search_term_string\"}}],\"inLanguage\":\"fr-FR\"}]}<\/script>\n<!-- \/ Yoast SEO plugin. -->","yoast_head_json":{"title":"Les maires de Miramas - Mem\u00f2ri e Raconte","robots":{"index":"index","follow":"follow","max-snippet":"max-snippet:-1","max-image-preview":"max-image-preview:large","max-video-preview":"max-video-preview:-1"},"canonical":"https:\/\/memori-e-raconte.fr\/wordpress\/les-maires-de-miramas\/","og_locale":"fr_FR","og_type":"article","og_title":"Les maires de Miramas - Mem\u00f2ri e Raconte","og_description":"1790-1791 : Joseph Pourchier 1791-1792 : Jean-Baptiste P\u00e9trier 1792-1795 : Joseph Pourchier 1795 : Jean-Baptiste P\u00e9trier 1795-1797 : Denis Boyer (municipalit\u00e9 de canton) 1797 : Jean-Pierre Cournand (municipalit\u00e9 de canton) 1797-1798 : Etienne Cournand&#46;&#46;&#46;","og_url":"https:\/\/memori-e-raconte.fr\/wordpress\/les-maires-de-miramas\/","og_site_name":"Mem\u00f2ri e Raconte","article_modified_time":"2025-04-07T08:12:48+00:00","twitter_card":"summary_large_image","twitter_misc":{"Dur\u00e9e de lecture estim\u00e9e":"2 minutes"},"schema":{"@context":"https:\/\/schema.org","@graph":[{"@type":"WebPage","@id":"https:\/\/memori-e-raconte.fr\/wordpress\/les-maires-de-miramas\/","url":"https:\/\/memori-e-raconte.fr\/wordpress\/les-maires-de-miramas\/","name":"Les maires de Miramas - Mem\u00f2ri e Raconte","isPartOf":{"@id":"https:\/\/memori-e-raconte.fr\/wordpress\/#website"},"datePublished":"2025-02-08T16:58:42+00:00","dateModified":"2025-04-07T08:12:48+00:00","breadcrumb":{"@id":"https:\/\/memori-e-raconte.fr\/wordpress\/les-maires-de-miramas\/#breadcrumb"},"inLanguage":"fr-FR","potentialAction":[{"@type":"ReadAction","target":["https:\/\/memori-e-raconte.fr\/wordpress\/les-maires-de-miramas\/"]}]},{"@type":"BreadcrumbList","@id":"https:\/\/memori-e-raconte.fr\/wordpress\/les-maires-de-miramas\/#breadcrumb","itemListElement":[{"@type":"ListItem","position":1,"name":"Home","item":"https:\/\/memori-e-raconte.fr\/wordpress\/"},{"@type":"ListItem","position":2,"name":"Les maires de Miramas"}]},{"@type":"WebSite","@id":"https:\/\/memori-e-raconte.fr\/wordpress\/#website","url":"https:\/\/memori-e-raconte.fr\/wordpress\/","name":"Mem\u00f2ri e Raconte","description":"M\u00e9moires et R\u00e9cits","potentialAction":[{"@type":"SearchAction","target":{"@type":"EntryPoint","urlTemplate":"https:\/\/memori-e-raconte.fr\/wordpress\/?s={search_term_string}"},"query-input":{"@type":"PropertyValueSpecification","valueRequired":true,"valueName":"search_term_string"}}],"inLanguage":"fr-FR"}]}},"_links":{"self":[{"href":"https:\/\/memori-e-raconte.fr\/wordpress\/wp-json\/wp\/v2\/pages\/23","targetHints":{"allow":["GET"]}}],"collection":[{"href":"https:\/\/memori-e-raconte.fr\/wordpress\/wp-json\/wp\/v2\/pages"}],"about":[{"href":"https:\/\/memori-e-raconte.fr\/wordpress\/wp-json\/wp\/v2\/types\/page"}],"author":[{"embeddable":true,"href":"https:\/\/memori-e-raconte.fr\/wordpress\/wp-json\/wp\/v2\/users\/1"}],"replies":[{"embeddable":true,"href":"https:\/\/memori-e-raconte.fr\/wordpress\/wp-json\/wp\/v2\/comments?post=23"}],"version-history":[{"count":13,"href":"https:\/\/memori-e-raconte.fr\/wordpress\/wp-json\/wp\/v2\/pages\/23\/revisions"}],"predecessor-version":[{"id":150,"href":"https:\/\/memori-e-raconte.fr\/wordpress\/wp-json\/wp\/v2\/pages\/23\/revisions\/150"}],"wp:attachment":[{"href":"https:\/\/memori-e-raconte.fr\/wordpress\/wp-json\/wp\/v2\/media?parent=23"}],"curies":[{"name":"wp","href":"https:\/\/api.w.org\/{rel}","templated":true}]}}