{"id":153,"date":"2025-04-08T10:18:57","date_gmt":"2025-04-08T08:18:57","guid":{"rendered":"https:\/\/memori-e-raconte.fr\/wordpress\/?page_id=153"},"modified":"2025-04-08T10:56:43","modified_gmt":"2025-04-08T08:56:43","slug":"les-cures-de-miramas","status":"publish","type":"page","link":"https:\/\/memori-e-raconte.fr\/wordpress\/les-cures-de-miramas\/","title":{"rendered":"Les cur\u00e9s de Miramas"},"content":{"rendered":"\n<h1 class=\"wp-block-heading\"><strong>Paroisse de Miramas puis de Miramas-Village<\/strong><\/h1>\n\n\n\n<p>La paroisse de Miramas existe depuis le Moyen-\u00c2ge. Sous l&rsquo;Ancien R\u00e9gime, le cur\u00e9 et son vicaire sont nomm\u00e9s par l\u2019abb\u00e9 de Montmajour, seigneur temporel et spirituel de Miramas.<\/p>\n\n\n\n<h2 class=\"wp-block-heading\">Les cur\u00e9s<\/h2>\n\n\n\n<p><strong>1598-1605 :<\/strong> Vincent Archier, d\u00e9c\u00e8de le 15 mai 1605.<\/p>\n\n\n\n<p><strong>1605-1621 :<\/strong> Pierre Jacquet, d\u00e9c\u00e8de le 8 juillet 1621, et inhum\u00e9 dans l&rsquo;\u00e9glise paroissiale. Il pr\u00e9sent dans la paroisse depuis au moins avril 1604.<\/p>\n\n\n\n<p><strong>1621-1624 :<\/strong> Charles Naville, d\u00e9c\u00e8de le 3 d\u00e9cembre 1624, et inhum\u00e9 dans l&rsquo;\u00e9glise paroissiale. Il est pr\u00e9sent dans la paroisse depuis au moins 1609.<\/p>\n\n\n\n<p><strong>1640-1676 :<\/strong> Antoine Leydet (oncle). Il est n\u00e9 vers 1610 \u00e0 Saint-Chamas, fils de Jean et Delphine H\u00e9douis. Il meurt le 18 ao\u00fbt 1676 \u00e0 Miramas. Il est inhum\u00e9 devant le grand autel de l\u2019\u00e9glise paroissiale.<\/p>\n\n\n\n<p><strong>1676-1701 :<\/strong> Antoine Leydet (neveu). Il est n\u00e9 vers 1650 \u00e0 Saint-Chamas, fils de Vincent et de Marthe Abeille. Il meurt le 12 f\u00e9vrier 1718 \u00e0 Saint-Chamas, inhum\u00e9 le lendemain dans la chapelle Saint-Joseph.<\/p>\n\n\n\n<p><strong>1701-10\/1708 :<\/strong> messire Pellissier<\/p>\n\n\n\n<p><strong>05\/1709-08\/1730 :<\/strong> Joseph Roux<\/p>\n\n\n\n<p><strong>08\/1730-1771 :<\/strong> Jacques Bernard<\/p>\n\n\n\n<p><strong>1771-1773 :<\/strong> messire Raymond, secondaire de Saint-Chamas<\/p>\n\n\n\n<p><strong>1773-1791 :<\/strong> Claude Couture<\/p>\n\n\n\n<p>Le d\u00e9cret du 14 septembre 1791 supprime la paroisse et \u00e9tabli une succursale desservie par un pr\u00eatre succursaliste et un vicaire. Elle rel\u00e8ve de la paroisse de Saint-Chamas.<\/p>\n\n\n\n<p><strong>1791-1792 :<\/strong> Andr\u00e9 Reybert, Grand Augustin<\/p>\n\n\n\n<p>\u00c0 partir de 1793, il n\u2019y a plus de desservant dans la paroisse. La paroisse est r\u00e9tablie par le concordat napol\u00e9onien de 1802, gr\u00e2ce \u00e0 l\u2019intervention de Mgr Champion de Cic\u00e9, archev\u00eaque d\u2019Aix. Le pr\u00e9fet Thibaudeau ayant eu le projet de la r\u00e9unir d\u00e9finitivement \u00e0 celle de Saint-Chamas.<\/p>\n\n\n\n<p><strong>1803-1810 :<\/strong> Andr\u00e9-Gaspard Jaubert<\/p>\n\n\n\n<p><strong>08\/1810-09\/1810 :<\/strong> messire Esm\u00e9nard, vicaire de Grans<\/p>\n\n\n\n<p><strong>10\/1810-10\/1811 :<\/strong> messire Gardiol, recteur de Saint-Chamas<\/p>\n\n\n\n<p><strong>11\/1811-12\/1811 :<\/strong> messire Esm\u00e9nard, vicaire de Grans<\/p>\n\n\n\n<p><strong>1812-1815 :<\/strong> messire Ferrier<\/p>\n\n\n\n<p><strong>1816-1817 :<\/strong> lacune des documents<\/p>\n\n\n\n<p class=\"has-white-color has-text-color has-link-color wp-elements-361a646e193ed7811c51d0a05e2735e2\">&#8211;<\/p>\n\n\n\n<h2 class=\"wp-block-heading\">Les vicaires<\/h2>\n\n\n\n<p class=\"has-white-color has-text-color has-link-color wp-elements-361a646e193ed7811c51d0a05e2735e2\">&#8211;<\/p>\n\n\n\n<h1 class=\"wp-block-heading\"><strong>Paroisse de Constantine puis de Miramas-Gare<\/strong><\/h1>\n\n\n\n<h2 class=\"wp-block-heading\">Les cur\u00e9s<\/h2>\n\n\n\n<h2 class=\"wp-block-heading\">Les vicaires<\/h2>\n","protected":false},"excerpt":{"rendered":"<p>Paroisse de Miramas puis de Miramas-Village La paroisse de Miramas existe depuis le Moyen-\u00c2ge. Sous l&rsquo;Ancien R\u00e9gime, le cur\u00e9 et son vicaire sont nomm\u00e9s par l\u2019abb\u00e9 de Montmajour, seigneur temporel et spirituel de Miramas.&#46;&#46;&#46;<\/p>\n","protected":false},"author":1,"featured_media":0,"parent":0,"menu_order":0,"comment_status":"closed","ping_status":"closed","template":"","meta":{"footnotes":""},"class_list":["post-153","page","type-page","status-publish","hentry"],"yoast_head":"<!-- This site is optimized with the Yoast SEO plugin v26.8 - https:\/\/yoast.com\/product\/yoast-seo-wordpress\/ -->\n<title>Les cur\u00e9s de Miramas - Mem\u00f2ri e Raconte<\/title>\n<meta name=\"robots\" content=\"index, follow, max-snippet:-1, max-image-preview:large, max-video-preview:-1\" \/>\n<link rel=\"canonical\" href=\"https:\/\/memori-e-raconte.fr\/wordpress\/les-cures-de-miramas\/\" \/>\n<meta property=\"og:locale\" content=\"fr_FR\" \/>\n<meta property=\"og:type\" content=\"article\" \/>\n<meta property=\"og:title\" content=\"Les cur\u00e9s de Miramas - Mem\u00f2ri e Raconte\" \/>\n<meta property=\"og:description\" content=\"Paroisse de Miramas puis de Miramas-Village La paroisse de Miramas existe depuis le Moyen-\u00c2ge. Sous l&rsquo;Ancien R\u00e9gime, le cur\u00e9 et son vicaire sont nomm\u00e9s par l\u2019abb\u00e9 de Montmajour, seigneur temporel et spirituel de Miramas.&#046;&#046;&#046;\" \/>\n<meta property=\"og:url\" content=\"https:\/\/memori-e-raconte.fr\/wordpress\/les-cures-de-miramas\/\" \/>\n<meta property=\"og:site_name\" content=\"Mem\u00f2ri e Raconte\" \/>\n<meta property=\"article:modified_time\" content=\"2025-04-08T08:56:43+00:00\" \/>\n<meta name=\"twitter:card\" content=\"summary_large_image\" \/>\n<meta name=\"twitter:label1\" content=\"Dur\u00e9e de lecture estim\u00e9e\" \/>\n\t<meta name=\"twitter:data1\" content=\"2 minutes\" \/>\n<script type=\"application\/ld+json\" class=\"yoast-schema-graph\">{\"@context\":\"https:\/\/schema.org\",\"@graph\":[{\"@type\":\"WebPage\",\"@id\":\"https:\/\/memori-e-raconte.fr\/wordpress\/les-cures-de-miramas\/\",\"url\":\"https:\/\/memori-e-raconte.fr\/wordpress\/les-cures-de-miramas\/\",\"name\":\"Les cur\u00e9s de Miramas - Mem\u00f2ri e Raconte\",\"isPartOf\":{\"@id\":\"https:\/\/memori-e-raconte.fr\/wordpress\/#website\"},\"datePublished\":\"2025-04-08T08:18:57+00:00\",\"dateModified\":\"2025-04-08T08:56:43+00:00\",\"breadcrumb\":{\"@id\":\"https:\/\/memori-e-raconte.fr\/wordpress\/les-cures-de-miramas\/#breadcrumb\"},\"inLanguage\":\"fr-FR\",\"potentialAction\":[{\"@type\":\"ReadAction\",\"target\":[\"https:\/\/memori-e-raconte.fr\/wordpress\/les-cures-de-miramas\/\"]}]},{\"@type\":\"BreadcrumbList\",\"@id\":\"https:\/\/memori-e-raconte.fr\/wordpress\/les-cures-de-miramas\/#breadcrumb\",\"itemListElement\":[{\"@type\":\"ListItem\",\"position\":1,\"name\":\"Home\",\"item\":\"https:\/\/memori-e-raconte.fr\/wordpress\/\"},{\"@type\":\"ListItem\",\"position\":2,\"name\":\"Les cur\u00e9s de Miramas\"}]},{\"@type\":\"WebSite\",\"@id\":\"https:\/\/memori-e-raconte.fr\/wordpress\/#website\",\"url\":\"https:\/\/memori-e-raconte.fr\/wordpress\/\",\"name\":\"Mem\u00f2ri e Raconte\",\"description\":\"M\u00e9moires et R\u00e9cits\",\"potentialAction\":[{\"@type\":\"SearchAction\",\"target\":{\"@type\":\"EntryPoint\",\"urlTemplate\":\"https:\/\/memori-e-raconte.fr\/wordpress\/?s={search_term_string}\"},\"query-input\":{\"@type\":\"PropertyValueSpecification\",\"valueRequired\":true,\"valueName\":\"search_term_string\"}}],\"inLanguage\":\"fr-FR\"}]}<\/script>\n<!-- \/ Yoast SEO plugin. -->","yoast_head_json":{"title":"Les cur\u00e9s de Miramas - Mem\u00f2ri e Raconte","robots":{"index":"index","follow":"follow","max-snippet":"max-snippet:-1","max-image-preview":"max-image-preview:large","max-video-preview":"max-video-preview:-1"},"canonical":"https:\/\/memori-e-raconte.fr\/wordpress\/les-cures-de-miramas\/","og_locale":"fr_FR","og_type":"article","og_title":"Les cur\u00e9s de Miramas - Mem\u00f2ri e Raconte","og_description":"Paroisse de Miramas puis de Miramas-Village La paroisse de Miramas existe depuis le Moyen-\u00c2ge. Sous l&rsquo;Ancien R\u00e9gime, le cur\u00e9 et son vicaire sont nomm\u00e9s par l\u2019abb\u00e9 de Montmajour, seigneur temporel et spirituel de Miramas.&#46;&#46;&#46;","og_url":"https:\/\/memori-e-raconte.fr\/wordpress\/les-cures-de-miramas\/","og_site_name":"Mem\u00f2ri e Raconte","article_modified_time":"2025-04-08T08:56:43+00:00","twitter_card":"summary_large_image","twitter_misc":{"Dur\u00e9e de lecture estim\u00e9e":"2 minutes"},"schema":{"@context":"https:\/\/schema.org","@graph":[{"@type":"WebPage","@id":"https:\/\/memori-e-raconte.fr\/wordpress\/les-cures-de-miramas\/","url":"https:\/\/memori-e-raconte.fr\/wordpress\/les-cures-de-miramas\/","name":"Les cur\u00e9s de Miramas - Mem\u00f2ri e Raconte","isPartOf":{"@id":"https:\/\/memori-e-raconte.fr\/wordpress\/#website"},"datePublished":"2025-04-08T08:18:57+00:00","dateModified":"2025-04-08T08:56:43+00:00","breadcrumb":{"@id":"https:\/\/memori-e-raconte.fr\/wordpress\/les-cures-de-miramas\/#breadcrumb"},"inLanguage":"fr-FR","potentialAction":[{"@type":"ReadAction","target":["https:\/\/memori-e-raconte.fr\/wordpress\/les-cures-de-miramas\/"]}]},{"@type":"BreadcrumbList","@id":"https:\/\/memori-e-raconte.fr\/wordpress\/les-cures-de-miramas\/#breadcrumb","itemListElement":[{"@type":"ListItem","position":1,"name":"Home","item":"https:\/\/memori-e-raconte.fr\/wordpress\/"},{"@type":"ListItem","position":2,"name":"Les cur\u00e9s de Miramas"}]},{"@type":"WebSite","@id":"https:\/\/memori-e-raconte.fr\/wordpress\/#website","url":"https:\/\/memori-e-raconte.fr\/wordpress\/","name":"Mem\u00f2ri e Raconte","description":"M\u00e9moires et R\u00e9cits","potentialAction":[{"@type":"SearchAction","target":{"@type":"EntryPoint","urlTemplate":"https:\/\/memori-e-raconte.fr\/wordpress\/?s={search_term_string}"},"query-input":{"@type":"PropertyValueSpecification","valueRequired":true,"valueName":"search_term_string"}}],"inLanguage":"fr-FR"}]}},"_links":{"self":[{"href":"https:\/\/memori-e-raconte.fr\/wordpress\/wp-json\/wp\/v2\/pages\/153","targetHints":{"allow":["GET"]}}],"collection":[{"href":"https:\/\/memori-e-raconte.fr\/wordpress\/wp-json\/wp\/v2\/pages"}],"about":[{"href":"https:\/\/memori-e-raconte.fr\/wordpress\/wp-json\/wp\/v2\/types\/page"}],"author":[{"embeddable":true,"href":"https:\/\/memori-e-raconte.fr\/wordpress\/wp-json\/wp\/v2\/users\/1"}],"replies":[{"embeddable":true,"href":"https:\/\/memori-e-raconte.fr\/wordpress\/wp-json\/wp\/v2\/comments?post=153"}],"version-history":[{"count":9,"href":"https:\/\/memori-e-raconte.fr\/wordpress\/wp-json\/wp\/v2\/pages\/153\/revisions"}],"predecessor-version":[{"id":171,"href":"https:\/\/memori-e-raconte.fr\/wordpress\/wp-json\/wp\/v2\/pages\/153\/revisions\/171"}],"wp:attachment":[{"href":"https:\/\/memori-e-raconte.fr\/wordpress\/wp-json\/wp\/v2\/media?parent=153"}],"curies":[{"name":"wp","href":"https:\/\/api.w.org\/{rel}","templated":true}]}}