{"id":116,"date":"2025-03-29T21:48:41","date_gmt":"2025-03-29T20:48:41","guid":{"rendered":"https:\/\/memori-e-raconte.fr\/wordpress\/?page_id=116"},"modified":"2025-04-07T21:54:00","modified_gmt":"2025-04-07T19:54:00","slug":"bibliographie","status":"publish","type":"page","link":"https:\/\/memori-e-raconte.fr\/wordpress\/bibliographie\/","title":{"rendered":"Bibliographie"},"content":{"rendered":"\n<h1 class=\"wp-block-heading\"><strong>Manuscrits<\/strong><\/h1>\n\n\n\n<h2 class=\"wp-block-heading\">Biblioth\u00e8que M\u00e9janes, Cit\u00e9 du Livre, Aix-en-Provence<\/h2>\n\n\n\n<p><strong>Ms 164<\/strong>, <em>Miscellanea Arelatensia<\/em>, manuscrit de dom Chantelou sur l&rsquo;histoire de l&rsquo;abbaye de Montmajour.<\/p>\n\n\n\n<p><strong>Ms 330<\/strong>, \u00ab <em>Verbal de messieurs les commissaires apostoliques sur l&rsquo;authorisation et confirmation de l&rsquo;acte d&rsquo;eschange pass\u00e9 entre messire Charles de Bichy, abb\u00e9 de Montmajour, et Mr Arnaud Franc, conseiller, m\u00e9decin du Roy, professeur en l&rsquo;Universit\u00e9 d&rsquo;Aix, du 4me may 1666<\/em> \u00bb. Enqu\u00eate sur les avantages dudit \u00e9change, o\u00f9 l&rsquo;abb\u00e9 de Montmajour, pour acqu\u00e9rir le moulin \u00e0 bl\u00e9 et les fours de Fontvieille, sive Castellet, c\u00e9dait au sieur Franc des terres \u00e0 Miramas.<\/p>\n\n\n\n<p><strong>Ms 781-781 (ou 793-794)<\/strong>, \u00ab <em>M\u00e9moires pour l&rsquo;histoire de Provence<\/em> \u00bb, \u00e0 la page 212 : \u00ab <em>Cappitulations faictes et accord\u00e9es entre Mgr le comte de Martinengue, et le sieur Chasteauneuf, gouverneur de Miramas<\/em> \u00bb.<\/p>\n\n\n\n<p class=\"has-white-color has-text-color has-link-color wp-elements-361a646e193ed7811c51d0a05e2735e2\">&#8211;<\/p>\n\n\n\n<h2 class=\"wp-block-heading\">M\u00e9diath\u00e8que d&rsquo;Arles, Fonds patrimoniaux<\/h2>\n\n\n\n<p><strong>Ms 141<\/strong>, \u00ab <em>Extraits des visites pastorales et des ordonnances des archev\u00eaques d&rsquo;Arles concernant les \u00e9glises de plusieurs villes du dioc\u00e8se, moins Arles, depuis Mgr de Grignan jusqu&rsquo;\u00e0 Mgr Dulau. 1648 \u00e0 1780<\/em> \u00bb.<\/p>\n\n\n\n<p><strong>Ms 151<\/strong>, \u00ab <em>Parroisses, \u00e9glises et chappelles s\u00e9culi\u00e8res de la ville et du dioc\u00e8se d&rsquo;Arles<\/em> \u00bb, visites pastorales des paroisses du dioc\u00e8se.<\/p>\n\n\n\n<p><strong>Ms 162<\/strong>, <em>Miscellanea Arelatensia<\/em>, manuscrit de dom Chantelou sur l&rsquo;histoire de l&rsquo;abbaye de Montmajour.<\/p>\n\n\n\n<p><strong>Ms 163<\/strong>, <em>Miscellanea Arelatensia<\/em>, compl\u00e9ment de Laurent Bonnemant.<\/p>\n\n\n\n<p><strong>Ms 214<\/strong>, \u00ab <em>Dissertations sur l&rsquo;\u00e9tymologie du nom de la ville d&rsquo;Arles, sur Astromela, sur le nom de Miramas, par M. Ganteaume, pr\u00eatre, ex-j\u00e9suite de la ville d&rsquo;Arles, et sur l&rsquo;origine de l&rsquo;olivier, par M. Couture, cur\u00e9 de Miramas<\/em> \u00bb, \u00e0 la page 115 :&nbsp;\u00ab <em>Conjecture sur Miremas<\/em> \u00bb.<\/p>\n\n\n\n<p><strong>Ms 492<\/strong>, \u00ab <em>Essai sur la statistique de la Ville d&rsquo;Arles, son terroir et ses environs par le sieur Pierre V\u00e9ran, de la ville d&rsquo;Arles, secr\u00e9taire \u00e0 la Pr\u00e9fecture du d\u00e9partement des Bouches-du-Rh\u00f4ne et chef du bureau de la Statistique<\/em> \u00bb (Marseille, 1805-1807, 6 vol), \u00e0 la page 126, \u00ab <em>Seigneuries que la ville d&rsquo;Arles a poss\u00e9d\u00e9es : ch\u00e2teaux d&rsquo;Aureille, de Miramas, Albaron, Notre-Dame-de-la-Mer, Saint-Genest, Fos, etc.<\/em> \u00bb.<\/p>\n\n\n\n<p><strong>Ms 590<\/strong>, <em>Armorial de l&rsquo;abbaye de Montmajour.<\/em> Recueil aux armes du chapitre de l&rsquo;abbaye contenant les blasons colori\u00e9s des abb\u00e9s, avec annotations, XVIIe si\u00e8cle, 21 folios.<\/p>\n\n\n\n<p class=\"has-white-color has-text-color has-link-color wp-elements-361a646e193ed7811c51d0a05e2735e2\">&#8211;<\/p>\n\n\n\n<h2 class=\"wp-block-heading\">Biblioth\u00e8que Inguimbertine, Carpentras<\/h2>\n\n\n\n<p><strong>Ms 1841<\/strong>, Recueil \u00ab <em>Actes et m\u00e9moires pour l&rsquo;histoire de Provence depuis l&rsquo;an 1590 jusques en 1637, vol. III. Proc\u00e9dures de justice durant les troubles, 1590<\/em> \u00bb, au folio 73 : \u00ab <em>Cappitulations faictes et accord\u00e9es entre Mgr le comte Martinengue\u2026 lieutenant g\u00e9n\u00e9ral pour S. A., et le sr de Chasteauneuf, gouverneur de Mirmas.<\/em> \u00bb 7 d\u00e9cembre 1590. \u00c0 la suite : \u00ab <em>Roole de ceux de Sallon qui se sont trouv\u00e9s audict Mirmas soubz la charge dudict sieur de Chasteauneuf<\/em> \u00bb.<\/p>\n\n\n\n<p><strong>Ms 1845<\/strong>, Recueil \u00ab <em>Titres et m\u00e9moires pour la famille des Porcellet. IIe paquet<\/em> \u00bb, \u00ab <em>Appendix ad annum 1200. Ex monasterio Montismajoris : venditio cujusdam bordigol, siti apud pontem Sancti Genesii, \u2026 per Bertrandum Porcelleti, facta priori de Correna, 1235 ; compromissum inter R., abbatem Montismajoris, et Guillelmum, comitem Forcalquerii\u2026, de omnibus illorum controversiis<\/em> \u00bb, \u00ab <em>Ex monasterio Montismajoris : transactio inter Poncium, abbatem, et Hugonem de Balcio pro castro Mirimaris<\/em> \u00bb, 1150.<\/p>\n\n\n\n<p class=\"has-white-color has-text-color has-link-color wp-elements-361a646e193ed7811c51d0a05e2735e2\">&#8211;<\/p>\n\n\n\n<h1 class=\"wp-block-heading\"><strong>Travaux universitaires<\/strong><\/h1>\n\n\n\n<p><strong>COUTTOULIN (S.)<\/strong>, <em>Miramas<\/em>, M\u00e9moire de ma\u00eetrise, Institut de G\u00e9ographie, Aix-en-Provence, 1952.<\/p>\n\n\n\n<p><strong>DARRASON (Georges-Olivier)<\/strong>, <em>Le syndicat communautaire d&rsquo;am\u00e9nagement Istres-Fos-Miramas<\/em>, 128 p., m\u00e9moire sous la direction d\u2019Albert Lanza, Institut d&rsquo;\u00c9tudes politiques d&rsquo;Aix-Marseille, 1974. (AD13, 8 J 513)<\/p>\n\n\n\n<p><strong>DESVIGNES (D.)<\/strong>, <em>Le rabattement sur une gare centrale des d\u00e9placements d&rsquo;une grande banlieue vers la m\u00e9tropole r\u00e9gionale : le cas de l&rsquo;\u00e9toile de Miramas vers Marseille<\/em>, Aix-en-Provence, Institut de G\u00e9ographie, 1976. Dir. : Maurice Wolkowitsch.<\/p>\n\n\n\n<p><strong>JOUVE (Bernard)<\/strong>, <em>Les cheminots de Miramas (1845-1920)<\/em>, m\u00e9moire de ma\u00eetrise d&rsquo;histoire, Universit\u00e9 Aix-Marseille II, 1969, 104 pages. Dir&nbsp;: Maurice Agulhon.<\/p>\n\n\n\n<p><strong>MAECHLER (Agn\u00e8s)<\/strong>, <em>La Naissance d&rsquo;une agglom\u00e9ration ferroviaire. Miramas (1846-1933)<\/em>, m\u00e9moire de ma\u00eetrise d&rsquo;histoire, Facult\u00e9 de Sciences Humaines d&rsquo;Avignon, 1997, 157 pages. Dir&nbsp;: Robert Mench\u00e9rini.<\/p>\n\n\n\n<p><strong>MANNONE (Val\u00e9rie)<\/strong>, <em>Miramas, cit\u00e9 cheminote ?<\/em>, 235 pages, M\u00e9m. de ma\u00eetrise, Institut de g\u00e9ographie, Universit\u00e9 Aix-Marseille II, 1990. Dir&nbsp;: Mme Spill.<\/p>\n\n\n\n<p><strong>SIMONET (St\u00e9phanie)<\/strong>, <em>Lecture et analyse d&rsquo;un espace urbain : la gare de Miramas<\/em>, Master 2 Urbanisme et Am\u00e9nagement &#8211; formation continue, examen Histoire urbaine et culture du projet, IUAR, 2015.<\/p>\n\n\n\n<p><strong>WALLEZ (Philippe)<\/strong>, <em>Miramas : \u00e9tude urbaine<\/em>, M\u00e9moire de ma\u00eetrise, Institut de G\u00e9ographie, Aix-en-Provence, 1976. Dir. : Maurice Wolkowitsch.<\/p>\n\n\n\n<p class=\"has-white-color has-text-color has-link-color wp-elements-361a646e193ed7811c51d0a05e2735e2\">&#8211;<\/p>\n\n\n\n<h1 class=\"wp-block-heading\"><strong>Rapports de fouilles arch\u00e9ologique<\/strong>s<\/h1>\n\n\n\n<p><strong>Frangin (Elsa)<\/strong>, dir., <em>Un habitat troglodyte de l&rsquo;\u00e9poque moderne. Impasse Suffren, Miramas-le-Vieux (Bouches-du-Rh\u00f4ne)<\/em>, rapport final de fouilles arch\u00e9ologiques, INRAP M\u00e9diterran\u00e9e, septembre 2017.<\/p>\n\n\n\n<p><strong>Gigante (Arnaud)<\/strong>, dir., <em>La P\u00e9ronne, Miramas (Bouches-du-Rh\u00f4ne)<\/em>, rapport final de fouilles arch\u00e9ologiques, INRAP M\u00e9diterran\u00e9e, f\u00e9vrier 2015.<\/p>\n\n\n\n<p><strong>L&rsquo;H\u00e9naff (Emmanuel)<\/strong>, <strong>Ciucci (Giulia)<\/strong>, <em>Impasse Suffren, Miramas-le-Vieux (Bouches-du-Rh\u00f4ne)<\/em>, RFO de diagnostic arch\u00e9ologique, P\u00f4le Intercommunal du Patrimoine Culturel, SAN Ouest Provence, juin 2013.<\/p>\n\n\n\n<p><strong>Marty (Fr\u00e9d\u00e9ric)<\/strong>, <strong>Bouabdallah (Zouina)<\/strong>, <em>D\u00e9viation RN569 Miramas-Grans, d\u00e9potoir d&rsquo;\u00e9poque contemporaine, camp am\u00e9ricain de prisonniers de guerre allemands de la Deuxi\u00e8me Guerre mondiale, Miramas (Bouches-du-Rh\u00f4ne)<\/em>, volume 1 : textes, figures, annexes, RFO de diagnostic arch\u00e9ologique, P\u00f4le Intercommunal du Patrimoine Culturel, SAN Ouest Provence, mars 2013.<\/p>\n\n\n\n<p><strong>Marty (Fr\u00e9d\u00e9ric)<\/strong>, <strong>Bouabdallah (Zouina)<\/strong>, <em>D\u00e9viation RN569 Miramas-Grans, d\u00e9potoir d&rsquo;\u00e9poque contemporaine, camp am\u00e9ricain de prisonniers de guerre allemands de la Deuxi\u00e8me Guerre mondiale, Miramas (Bouches-du-Rh\u00f4ne)<\/em>, volume 2 : inventaires, RFO de diagnostic arch\u00e9ologique, P\u00f4le Intercommunal du Patrimoine Culturel, SAN Ouest Provence, mars 2013.<\/p>\n\n\n\n<p><strong>Marty (Fr\u00e9d\u00e9ric)<\/strong>, <strong>Rigaud (Philippe)<\/strong>, <em>Carte arch\u00e9ologique de Miramas, Commune de Miramas (Bouches-du-Rh\u00f4ne)<\/em>, rapport de prospection-inventaire (5 mai \u2013 17 novembre 2021), P\u00f4le Intercommunal du Patrimoine Culturel, Istres Ouest Provence, janvier 2022.<\/p>\n\n\n\n<p><strong>Prades (Vanessa)<\/strong>, <em>Chapelle Saint-Vincent, Miramas (Bouches-du-Rh\u00f4ne)<\/em>, RFO de diagnostic arch\u00e9ologique, P\u00f4le Intercommunal du Patrimoine Culturel, SAN Ouest Provence, juin 2013.<\/p>\n\n\n\n<p><strong>Voyez (Christophe)<\/strong>, dir., <em>Le d\u00e9potoir du mas de la P\u00e9ronne \u00e0 Miramas et \u00ab les gadoues de Marseille \u00bb<\/em>, rapport final de fouilles arch\u00e9ologiques, INRAP M\u00e9diterran\u00e9e, juin 2016.<\/p>\n\n\n\n<p class=\"has-white-color has-text-color has-link-color wp-elements-361a646e193ed7811c51d0a05e2735e2\">&#8211;<\/p>\n\n\n\n<h1 class=\"wp-block-heading\"><strong>Ouvrages<\/strong><\/h1>\n\n\n\n<p><strong>Gr\u00e9goire (Joseph)<\/strong>, <em>Les chroniques de Miramas<\/em>, \u00e9ditions Peladan, Uz\u00e8s 1965.<\/p>\n\n\n\n<p><strong>Gr\u00e9goire (Joseph)<\/strong>, <em>Histoire r\u00e9gionale de la franc-ma\u00e7onnerie : Salon, Martigues, Miramas, St-Chamas (1764-1940)<\/em>, 1971.<\/p>\n\n\n\n<p><strong>Fine (M.J.)<\/strong>, <em>Pr\u00eatre avec le Christ, Mgr Chalve (1881-1970)<\/em>, \u00e9ditions S.O.S., Paris 1977.<\/p>\n\n\n\n<p><strong>Gr\u00e9goire (Joseph)<\/strong>, <em>Les chroniques de Miramas<\/em>, Les Amis du Vieux Miramas, 2e \u00e9dition revue et augment\u00e9e, Marseille, 1987.<\/p>\n\n\n\n<p><strong>Collectif<\/strong>, <em>Miramas-le-Vieux. Guide Touristique<\/em>, Les Amis du Vieux Miramas, 1987.<\/p>\n\n\n\n<p><strong>Vaquand (Dominique)<\/strong>, <em>Miramas sous la R\u00e9volution de 1789 \u00e0 l&rsquo;an VI<\/em>, 1989.<\/p>\n\n\n\n<p><strong>Alquier (Roger)<\/strong>, <em>Miramas en Provence<\/em>, \u00e9ditions \u00c9quinoxe, coll. Le Temps retrouv\u00e9, Avignon 1991.<\/p>\n\n\n\n<p><strong>Louche (Maurice)<\/strong>, <em>Les grands prix de Provence et de Marseille : 1924-1937 Miramas-Istres, 1946-1952 Marseille<\/em>, 1998.<\/p>\n\n\n\n<p><strong>Alquier (Roger)<\/strong>, <em>Miramas<\/em>, \u00e9ditions Alan Sutton, coll. M\u00e9moire en image, 1999.<\/p>\n\n\n\n<p><strong>Lemaire (Jacques)<\/strong>, <em>Sur la voie du patrimoine : petit guide touristique<\/em>, Service du Patrimoine, Ville de Miramas, 1999.<\/p>\n\n\n\n<p><strong>Entressangle (Val\u00e9rie)<\/strong>, <strong>Michaud (Marie)<\/strong>, <em>Miramas. Portraits de vies, portrait de ville<\/em>, Anatome 2000.<\/p>\n\n\n\n<p><strong>Collectif<\/strong>, <em>Miramas \u00e0 travers temps, quand les Anciens racontent<\/em>, Association Vivre Notre Temps, 2000.<\/p>\n\n\n\n<p><strong>Eyraud (Paul)<\/strong>, <em>50 ans de cyclisme<\/em>, 2002.<\/p>\n\n\n\n<p><strong>Eyraud (Paul)<\/strong>, <em>L&rsquo;amour du ballon : l&rsquo;histoire de la soci\u00e9t\u00e9 Saint Maurice cheminote de Miramas 1908-1995<\/em>, 2007.<\/p>\n\n\n\n<p><strong>Neyroz (Armand)<\/strong>, <em>60 ans de handball \u00e0 Miramas (1950-2010)<\/em>, 2011.<\/p>\n\n\n\n<p><strong>Collectif<\/strong>, <em>Destination Miramas<\/em>, Atelier Ligne de faire de l&rsquo;Association Centremploi du GDID, \u00e9ditions Tourne la page, 2012.<\/p>\n\n\n\n<p><strong>Collectif<\/strong>, <em>Tous les chemins m\u00e8nent \u00e0 Miramas<\/em>, Atelier Ligne de faire de l&rsquo;Association Centremploi du GDID, \u00e9ditions Tourne la page, 2013.<\/p>\n\n\n\n<p><em>Miramas : guide touristique : au c\u0153ur de la Provence<\/em>, des tr\u00e9sors pittoresques et naturels \u00e0 d\u00e9couvrir, Service communication, 2013.<\/p>\n\n\n\n<p><strong>Collectif<\/strong>, <em>Miramas, une ville des vies<\/em>, Atelier Ligne de faire de l&rsquo;Association Centremploi du GDID, \u00c9d. Tourne la page, 2014.<\/p>\n\n\n\n<p><strong>Collectif<\/strong>, <em>Cheminots en Provence. Les cheminots de Miramas pendant les ann\u00e9es de guerre (1939-1945)<\/em>. En hommage aux Cheminots de Miramas morts pour la France, CE des cheminots, PACA \u00e9ditions, 2017.<\/p>\n\n\n\n<p><strong>Aubert (Jacques)<\/strong>, <strong>Aubert (Jean-Luc)<\/strong>, <em>Moulins de Saint-Chamas et de Miramas<\/em>, bulletin n\u00b027 des Amis du Vieux Saint-Chamas, 2019.<\/p>\n\n\n\n<p><strong>Collectif<\/strong>, <em>Miramas<\/em>, bande dessin\u00e9e, conseil des Sages, ville de Miramas, 2021.<\/p>\n\n\n\n<p><strong>Avy (S\u00e9bastien)<\/strong>, <em>Miramas pendant la Grande Guerre (1914-1919)<\/em>, \u00e9dit\u00e9 par l\u2019association Li Galoi Prouven\u00e7au, 2024.<\/p>\n\n\n\n<p class=\"has-white-color has-text-color has-link-color wp-elements-361a646e193ed7811c51d0a05e2735e2\">&#8211;<\/p>\n\n\n\n<h1 class=\"wp-block-heading\"><strong>Articles<\/strong><\/h1>\n\n\n\n<p><strong>abb\u00e9 Chaillan<\/strong>, <em>L&rsquo;\u00e9glise de Saint-Julien \u00e0 Miramas-le-Vieux<\/em>, bulletin arch\u00e9ologique CTHS, pp. 193-197, 1911.<\/p>\n\n\n\n<p><strong>Blanchard (Jean)<\/strong>, <em>Miramas-le-Vieux, ou le-Haut<\/em>, L&rsquo;Emp\u00e9ri. Memento des Amis du Vieux Salon, sept. 1940, n\u00b0 11, p.&nbsp;2-3.<\/p>\n\n\n\n<p><strong>Lafran (Paul)<\/strong>, <em>Promenades arch\u00e9ologiques (Saint-Chamas, Miramas, Cornillon-Confoux)<\/em>, Sallonensa \u2013 la revue salyenne (arch\u00e9ologie du Pays Salonais), 8e cahier, pp. 31-39, mai 1959.<\/p>\n\n\n\n<p><strong>Baratier (\u00c9douard)<\/strong>, <em>Compte-rendu de J.&nbsp;Gr\u00e9goire&nbsp;: Les chroniques de Miramas, Uz\u00e8s, impr. Peladan<\/em>, Provence historique, 1970, tome XX, [n\u00b0&nbsp;82], p.&nbsp;413-414<\/p>\n\n\n\n<p><strong>Lafran (Paul)<\/strong>, <em>Les biens de l\u2019abbaye de Montmajour \u00e0 Miramas au XVIIIe si\u00e8cle<\/em>, bulletin n\u00b001 des Amis du Vieux Saint-Chamas, pp. 45-56, 1978.<\/p>\n\n\n\n<p><strong>Tramoni (\u2026)<\/strong>, <em>1908-1912. Quand le chemin de fer apportait la gr\u00e8ve [construction de la ligne Miramas-L&rsquo;Estaque]<\/em>, La Vie ouvri\u00e8re, 1980.<\/p>\n\n\n\n<p><strong>Roubaud (Louis)<\/strong>, <em>Ligne de chemin de fer de l&rsquo;Estaque \u00e0 Miramas<\/em>, Bulletin du comit\u00e9 du vieux Marseille, 1993, n\u00b0&nbsp;58, juin 1993.<\/p>\n\n\n\n<p><strong>Lillamand (Jean)<\/strong>, <em>La \u00ab merlussiero \u00bb de Miramas<\/em>, bulletin n\u00b027 des Amis du Vieil Istres, pp. 87-107, 2005.<\/p>\n\n\n\n<p><strong>Hazzan (Suzette)<\/strong>, <em>Des r\u00e9publicains espagnols aux juifs, de l&rsquo;internement \u00e0 la d\u00e9portation, les groupes de travailleurs \u00e9trangers de Miramas<\/em>, dans <em>Provence-Auschwitz. De l&rsquo;internement des \u00e9trangers \u00e0 la d\u00e9portation des Juifs (1939-1944)<\/em>, sous la direction de Robert Mench\u00e9rini, coll. Le Temps de l&rsquo;histoire, \u00e9ditions Presse Universitaire de Provence, 2007.<\/p>\n\n\n\n<p><strong>Roubaud (Louis)<\/strong>, <em>Le chemin de fer de l&rsquo;Estaque-Miramas par le littoral<\/em>, Marseille. Revue culturelle, mars&nbsp;2007, n\u00b0&nbsp;216, p.&nbsp;18.<\/p>\n\n\n\n<p><strong>Avy (S\u00e9bastien)<\/strong>, <em>La lib\u00e9ration de Miramas<\/em>, Provence G\u00e9n\u00e9alogie n\u00b0168, pp. 25-30, juin 2013.<\/p>\n\n\n\n<p><strong>Marty (Fr\u00e9d\u00e9ric)<\/strong>, <em>Un camp de prisonniers de guerre \u00e0 Miramas<\/em>, revue Arch\u00e9oTh\u00e9ma, n\u00b031, pp. 76-81, novembre-d\u00e9cembre 2013.<\/p>\n\n\n\n<p><strong>Pannetier (Pascal)<\/strong>, <em>Autodrome de Miramas<\/em>, revue Retro Tourisme, n\u00b006, pp. 20-31, d\u00e9cembre 2016.<\/p>\n\n\n\n<p><strong>Avy (S\u00e9bastien)<\/strong>, <em>La soci\u00e9t\u00e9 de l\u2019Autodrome de Miramas<\/em>, bulletin n\u00b039 des Amis du Vieil Istres, pp. 117-133, 2017.<\/p>\n\n\n\n<p><strong>Lemaire (Jacques)<\/strong>, <em>Histoire mouvement\u00e9e de la chapelle Saint-Vincent de Miramas<\/em>, bulletin n\u00b026 des Amis du Vieux Saint-Chamas, pp. 9-34, 2017.<\/p>\n\n\n\n<p><strong>Prades (Vanessa)<\/strong>, <em>La chapelle Saint-Vincent : r\u00e9sultat du diagnostic arch\u00e9ologique r\u00e9alis\u00e9 en 2012<\/em>, bulletin n\u00b026 des Amis du Vieux Saint-Chamas, pp. 43-82, 2017.<\/p>\n\n\n\n<p><strong>Avy (S\u00e9bastien)<\/strong>, <em>Les propri\u00e9taires de la chapelle Saint-Vincent<\/em>, bulletin n\u00b026 des Amis du Vieux Saint-Chamas, pp. 83-102, 2017.<\/p>\n\n\n\n<p><strong>Avy (S\u00e9bastien)<\/strong>, <em>Les moulins de Miramas<\/em>, bulletin n\u00b040 des Amis du Vieil Istres, pp. 45-80, 2018.<\/p>\n\n\n\n<p><strong>Avy (S\u00e9bastien)<\/strong>, <em>Miramas pendant la Grande Guerre<\/em>, bulletin n\u00b041 des Amis du Vieil Istres, pp. 67-94, 2019.<\/p>\n\n\n\n<p><strong>Avy (S\u00e9bastien)<\/strong>, <em>Le castrum de Miramas<\/em>, bulletin n\u00b043 des Amis du Vieil Istres, pp. 13-41, 2021.<\/p>\n\n\n\n<p><strong>Avy (S\u00e9bastien)<\/strong>, <em>Une ligne d\u2019int\u00e9r\u00eat local : de Miramas \u00e0 Port-de-Bouc<\/em>, bulletin n\u00b044 des Amis du Vieil Istres, pp. 73-92, 2022.<\/p>\n\n\n\n<p><strong>Avy (S\u00e9bastien)<\/strong>, <em>Histoire des lignes ferroviaires passant par Miramas<\/em>, bulletin n\u00b045 des Amis du Vieil Istres, pp. 43-56, 2023.<\/p>\n\n\n\n<p><strong>Marty (Fr\u00e9d\u00e9ric)<\/strong>, <em>Un graffito de barque catalane au ch\u00e2teau de Miramas-le-Vieux<\/em>, bulletin n\u00b046 des Amis du Vieil Istres, p. 35-41, 2024.<\/p>\n\n\n\n<p class=\"has-white-color has-text-color has-link-color wp-elements-361a646e193ed7811c51d0a05e2735e2\">&#8211;<\/p>\n\n\n\n<h1 class=\"wp-block-heading\"><strong>P\u00e9riodiques<\/strong><\/h1>\n\n\n\n<h2 class=\"wp-block-heading\">Publications municipales<\/h2>\n\n\n\n<h2 class=\"wp-block-heading\">Publications religieuses<\/h2>\n","protected":false},"excerpt":{"rendered":"<p>Manuscrits Biblioth\u00e8que M\u00e9janes, Cit\u00e9 du Livre, Aix-en-Provence Ms 164, Miscellanea Arelatensia, manuscrit de dom Chantelou sur l&rsquo;histoire de l&rsquo;abbaye de Montmajour. Ms 330, \u00ab Verbal de messieurs les commissaires apostoliques sur l&rsquo;authorisation et confirmation&#46;&#46;&#46;<\/p>\n","protected":false},"author":1,"featured_media":0,"parent":0,"menu_order":0,"comment_status":"closed","ping_status":"closed","template":"","meta":{"footnotes":""},"class_list":["post-116","page","type-page","status-publish","hentry"],"yoast_head":"<!-- This site is optimized with the Yoast SEO plugin v26.8 - https:\/\/yoast.com\/product\/yoast-seo-wordpress\/ -->\n<title>Bibliographie - Mem\u00f2ri e Raconte<\/title>\n<meta name=\"robots\" content=\"index, follow, max-snippet:-1, max-image-preview:large, max-video-preview:-1\" \/>\n<link rel=\"canonical\" href=\"https:\/\/memori-e-raconte.fr\/wordpress\/bibliographie\/\" \/>\n<meta property=\"og:locale\" content=\"fr_FR\" \/>\n<meta property=\"og:type\" content=\"article\" \/>\n<meta property=\"og:title\" content=\"Bibliographie - Mem\u00f2ri e Raconte\" \/>\n<meta property=\"og:description\" content=\"Manuscrits Biblioth\u00e8que M\u00e9janes, Cit\u00e9 du Livre, Aix-en-Provence Ms 164, Miscellanea Arelatensia, manuscrit de dom Chantelou sur l&rsquo;histoire de l&rsquo;abbaye de Montmajour. Ms 330, \u00ab Verbal de messieurs les commissaires apostoliques sur l&rsquo;authorisation et confirmation&#046;&#046;&#046;\" \/>\n<meta property=\"og:url\" content=\"https:\/\/memori-e-raconte.fr\/wordpress\/bibliographie\/\" \/>\n<meta property=\"og:site_name\" content=\"Mem\u00f2ri e Raconte\" \/>\n<meta property=\"article:modified_time\" content=\"2025-04-07T19:54:00+00:00\" \/>\n<meta name=\"twitter:card\" content=\"summary_large_image\" \/>\n<meta name=\"twitter:label1\" content=\"Dur\u00e9e de lecture estim\u00e9e\" \/>\n\t<meta name=\"twitter:data1\" content=\"9 minutes\" \/>\n<script type=\"application\/ld+json\" class=\"yoast-schema-graph\">{\"@context\":\"https:\/\/schema.org\",\"@graph\":[{\"@type\":\"WebPage\",\"@id\":\"https:\/\/memori-e-raconte.fr\/wordpress\/bibliographie\/\",\"url\":\"https:\/\/memori-e-raconte.fr\/wordpress\/bibliographie\/\",\"name\":\"Bibliographie - Mem\u00f2ri e Raconte\",\"isPartOf\":{\"@id\":\"https:\/\/memori-e-raconte.fr\/wordpress\/#website\"},\"datePublished\":\"2025-03-29T20:48:41+00:00\",\"dateModified\":\"2025-04-07T19:54:00+00:00\",\"breadcrumb\":{\"@id\":\"https:\/\/memori-e-raconte.fr\/wordpress\/bibliographie\/#breadcrumb\"},\"inLanguage\":\"fr-FR\",\"potentialAction\":[{\"@type\":\"ReadAction\",\"target\":[\"https:\/\/memori-e-raconte.fr\/wordpress\/bibliographie\/\"]}]},{\"@type\":\"BreadcrumbList\",\"@id\":\"https:\/\/memori-e-raconte.fr\/wordpress\/bibliographie\/#breadcrumb\",\"itemListElement\":[{\"@type\":\"ListItem\",\"position\":1,\"name\":\"Home\",\"item\":\"https:\/\/memori-e-raconte.fr\/wordpress\/\"},{\"@type\":\"ListItem\",\"position\":2,\"name\":\"Bibliographie\"}]},{\"@type\":\"WebSite\",\"@id\":\"https:\/\/memori-e-raconte.fr\/wordpress\/#website\",\"url\":\"https:\/\/memori-e-raconte.fr\/wordpress\/\",\"name\":\"Mem\u00f2ri e Raconte\",\"description\":\"M\u00e9moires et R\u00e9cits\",\"potentialAction\":[{\"@type\":\"SearchAction\",\"target\":{\"@type\":\"EntryPoint\",\"urlTemplate\":\"https:\/\/memori-e-raconte.fr\/wordpress\/?s={search_term_string}\"},\"query-input\":{\"@type\":\"PropertyValueSpecification\",\"valueRequired\":true,\"valueName\":\"search_term_string\"}}],\"inLanguage\":\"fr-FR\"}]}<\/script>\n<!-- \/ Yoast SEO plugin. -->","yoast_head_json":{"title":"Bibliographie - Mem\u00f2ri e Raconte","robots":{"index":"index","follow":"follow","max-snippet":"max-snippet:-1","max-image-preview":"max-image-preview:large","max-video-preview":"max-video-preview:-1"},"canonical":"https:\/\/memori-e-raconte.fr\/wordpress\/bibliographie\/","og_locale":"fr_FR","og_type":"article","og_title":"Bibliographie - Mem\u00f2ri e Raconte","og_description":"Manuscrits Biblioth\u00e8que M\u00e9janes, Cit\u00e9 du Livre, Aix-en-Provence Ms 164, Miscellanea Arelatensia, manuscrit de dom Chantelou sur l&rsquo;histoire de l&rsquo;abbaye de Montmajour. Ms 330, \u00ab Verbal de messieurs les commissaires apostoliques sur l&rsquo;authorisation et confirmation&#46;&#46;&#46;","og_url":"https:\/\/memori-e-raconte.fr\/wordpress\/bibliographie\/","og_site_name":"Mem\u00f2ri e Raconte","article_modified_time":"2025-04-07T19:54:00+00:00","twitter_card":"summary_large_image","twitter_misc":{"Dur\u00e9e de lecture estim\u00e9e":"9 minutes"},"schema":{"@context":"https:\/\/schema.org","@graph":[{"@type":"WebPage","@id":"https:\/\/memori-e-raconte.fr\/wordpress\/bibliographie\/","url":"https:\/\/memori-e-raconte.fr\/wordpress\/bibliographie\/","name":"Bibliographie - Mem\u00f2ri e Raconte","isPartOf":{"@id":"https:\/\/memori-e-raconte.fr\/wordpress\/#website"},"datePublished":"2025-03-29T20:48:41+00:00","dateModified":"2025-04-07T19:54:00+00:00","breadcrumb":{"@id":"https:\/\/memori-e-raconte.fr\/wordpress\/bibliographie\/#breadcrumb"},"inLanguage":"fr-FR","potentialAction":[{"@type":"ReadAction","target":["https:\/\/memori-e-raconte.fr\/wordpress\/bibliographie\/"]}]},{"@type":"BreadcrumbList","@id":"https:\/\/memori-e-raconte.fr\/wordpress\/bibliographie\/#breadcrumb","itemListElement":[{"@type":"ListItem","position":1,"name":"Home","item":"https:\/\/memori-e-raconte.fr\/wordpress\/"},{"@type":"ListItem","position":2,"name":"Bibliographie"}]},{"@type":"WebSite","@id":"https:\/\/memori-e-raconte.fr\/wordpress\/#website","url":"https:\/\/memori-e-raconte.fr\/wordpress\/","name":"Mem\u00f2ri e Raconte","description":"M\u00e9moires et R\u00e9cits","potentialAction":[{"@type":"SearchAction","target":{"@type":"EntryPoint","urlTemplate":"https:\/\/memori-e-raconte.fr\/wordpress\/?s={search_term_string}"},"query-input":{"@type":"PropertyValueSpecification","valueRequired":true,"valueName":"search_term_string"}}],"inLanguage":"fr-FR"}]}},"_links":{"self":[{"href":"https:\/\/memori-e-raconte.fr\/wordpress\/wp-json\/wp\/v2\/pages\/116","targetHints":{"allow":["GET"]}}],"collection":[{"href":"https:\/\/memori-e-raconte.fr\/wordpress\/wp-json\/wp\/v2\/pages"}],"about":[{"href":"https:\/\/memori-e-raconte.fr\/wordpress\/wp-json\/wp\/v2\/types\/page"}],"author":[{"embeddable":true,"href":"https:\/\/memori-e-raconte.fr\/wordpress\/wp-json\/wp\/v2\/users\/1"}],"replies":[{"embeddable":true,"href":"https:\/\/memori-e-raconte.fr\/wordpress\/wp-json\/wp\/v2\/comments?post=116"}],"version-history":[{"count":27,"href":"https:\/\/memori-e-raconte.fr\/wordpress\/wp-json\/wp\/v2\/pages\/116\/revisions"}],"predecessor-version":[{"id":152,"href":"https:\/\/memori-e-raconte.fr\/wordpress\/wp-json\/wp\/v2\/pages\/116\/revisions\/152"}],"wp:attachment":[{"href":"https:\/\/memori-e-raconte.fr\/wordpress\/wp-json\/wp\/v2\/media?parent=116"}],"curies":[{"name":"wp","href":"https:\/\/api.w.org\/{rel}","templated":true}]}}